{"id":28,"date":"2023-07-14T07:55:11","date_gmt":"2023-07-14T07:55:11","guid":{"rendered":"https:\/\/web4.rkinformatika.net\/tallerbarbarias\/?page_id=28"},"modified":"2023-07-17T10:24:14","modified_gmt":"2023-07-17T10:24:14","slug":"servicios","status":"publish","type":"page","link":"https:\/\/tallerbarbarias.com\/eu\/servicios\/","title":{"rendered":"Zerbitzuak"},"content":{"rendered":"<div data-elementor-type=\"wp-page\" data-elementor-id=\"28\" class=\"elementor elementor-28\" data-elementor-post-type=\"page\">\n\t\t\t\t\t\t<section class=\"elementor-section elementor-top-section elementor-element elementor-element-5dd53b64 elementor-section-boxed elementor-section-height-default elementor-section-height-default\" data-id=\"5dd53b64\" data-element_type=\"section\" data-e-type=\"section\" data-settings=\"{&quot;background_background&quot;:&quot;classic&quot;}\">\n\t\t\t\t\t\t\t<div class=\"elementor-background-overlay\"><\/div>\n\t\t\t\t\t\t\t<div class=\"elementor-container elementor-column-gap-default\">\n\t\t\t\t\t<div class=\"elementor-column elementor-col-100 elementor-top-column elementor-element elementor-element-3c47fb6\" data-id=\"3c47fb6\" data-element_type=\"column\" data-e-type=\"column\">\n\t\t\t<div class=\"elementor-widget-wrap elementor-element-populated\">\n\t\t\t\t\t\t<div class=\"elementor-element elementor-element-5773824d elementor-invisible elementor-widget elementor-widget-heading\" data-id=\"5773824d\" data-element_type=\"widget\" data-e-type=\"widget\" data-settings=\"{&quot;_animation&quot;:&quot;fadeInUp&quot;}\" data-widget_type=\"heading.default\">\n\t\t\t\t<div class=\"elementor-widget-container\">\n\t\t\t\t\t<h2 class=\"elementor-heading-title elementor-size-default\">Servicio de Mantenimiento<\/h2>\t\t\t\t<\/div>\n\t\t\t\t<\/div>\n\t\t\t\t\t<\/div>\n\t\t<\/div>\n\t\t\t\t\t<\/div>\n\t\t<\/section>\n\t\t\t\t<section class=\"elementor-section elementor-top-section elementor-element elementor-element-6fc14f4e elementor-section-boxed elementor-section-height-default elementor-section-height-default\" data-id=\"6fc14f4e\" data-element_type=\"section\" data-e-type=\"section\">\n\t\t\t\t\t\t<div class=\"elementor-container elementor-column-gap-default\">\n\t\t\t\t\t<div class=\"elementor-column elementor-col-50 elementor-top-column elementor-element elementor-element-2de288d5\" data-id=\"2de288d5\" data-element_type=\"column\" data-e-type=\"column\">\n\t\t\t<div class=\"elementor-widget-wrap elementor-element-populated\">\n\t\t\t\t\t\t<div class=\"elementor-element elementor-element-1633e235 elementor-widget__width-initial elementor-widget elementor-widget-heading\" data-id=\"1633e235\" data-element_type=\"widget\" data-e-type=\"widget\" data-widget_type=\"heading.default\">\n\t\t\t\t<div class=\"elementor-widget-container\">\n\t\t\t\t\t<h1 class=\"elementor-heading-title elementor-size-default\">Mant\u00e9n siempre el rendimiento de tu material agr\u00edcola como si fuera el primer d\u00eda<\/h1>\t\t\t\t<\/div>\n\t\t\t\t<\/div>\n\t\t\t\t<div class=\"elementor-element elementor-element-66b3c9ea elementor-widget-divider--view-line elementor-widget elementor-widget-divider\" data-id=\"66b3c9ea\" data-element_type=\"widget\" data-e-type=\"widget\" data-widget_type=\"divider.default\">\n\t\t\t\t<div class=\"elementor-widget-container\">\n\t\t\t\t\t\t\t<div class=\"elementor-divider\">\n\t\t\t<span class=\"elementor-divider-separator\">\n\t\t\t\t\t\t<\/span>\n\t\t<\/div>\n\t\t\t\t\t\t<\/div>\n\t\t\t\t<\/div>\n\t\t\t\t<div class=\"elementor-element elementor-element-573a39a0 elementor-widget elementor-widget-text-editor\" data-id=\"573a39a0\" data-element_type=\"widget\" data-e-type=\"widget\" data-widget_type=\"text-editor.default\">\n\t\t\t\t<div class=\"elementor-widget-container\">\n\t\t\t\t\t\t\t\t\t<p>Nuestra empresa ofrece una amplia gama de soluciones de mantenimiento de equipos agr\u00edcolas para nuestros clientes. Nuestros servicios incluyen el mantenimiento y reparaci\u00f3n de una variedad de maquinaria como cortadoras de c\u00e9sped, motosierras, arados, desbrozadoras&#8230; Comprendemos la importancia de mantener tus equipos en \u00f3ptimas condiciones para garantizar que tu granja funcione eficientemente. Nuestros t\u00e9cnicos especializados brindan cuidado experto para mantener el rendimiento y la longevidad de tus equipos. Puedes confiar en nuestro equipo para brindar un servicio r\u00e1pido y confiable para mantener tu granja funcionando sin problemas.\u00a0<\/p>\t\t\t\t\t\t\t\t<\/div>\n\t\t\t\t<\/div>\n\t\t\t\t\t<\/div>\n\t\t<\/div>\n\t\t\t\t<div class=\"elementor-column elementor-col-50 elementor-top-column elementor-element elementor-element-19ac05d6\" data-id=\"19ac05d6\" data-element_type=\"column\" data-e-type=\"column\">\n\t\t\t<div class=\"elementor-widget-wrap elementor-element-populated\">\n\t\t\t\t\t\t<div class=\"elementor-element elementor-element-106a7fef elementor-widget elementor-widget-image\" data-id=\"106a7fef\" data-element_type=\"widget\" data-e-type=\"widget\" data-widget_type=\"image.default\">\n\t\t\t\t<div class=\"elementor-widget-container\">\n\t\t\t\t\t\t\t\t\t\t\t\t\t\t\t<img fetchpriority=\"high\" decoding=\"async\" width=\"800\" height=\"534\" src=\"https:\/\/tallerbarbarias.com\/wp-content\/uploads\/2023\/07\/industrial-worker-assembles-agricultural-equipment-1024x684.jpg\" class=\"elementor-animation-bob attachment-large size-large wp-image-218\" alt=\"Industrial worker assembles agricultural equipment\" srcset=\"https:\/\/tallerbarbarias.com\/wp-content\/uploads\/2023\/07\/industrial-worker-assembles-agricultural-equipment-1024x684.jpg 1024w, https:\/\/tallerbarbarias.com\/wp-content\/uploads\/2023\/07\/industrial-worker-assembles-agricultural-equipment-300x200.jpg 300w, https:\/\/tallerbarbarias.com\/wp-content\/uploads\/2023\/07\/industrial-worker-assembles-agricultural-equipment-768x513.jpg 768w, https:\/\/tallerbarbarias.com\/wp-content\/uploads\/2023\/07\/industrial-worker-assembles-agricultural-equipment-1536x1025.jpg 1536w, https:\/\/tallerbarbarias.com\/wp-content\/uploads\/2023\/07\/industrial-worker-assembles-agricultural-equipment-600x401.jpg 600w, https:\/\/tallerbarbarias.com\/wp-content\/uploads\/2023\/07\/industrial-worker-assembles-agricultural-equipment.jpg 2000w\" sizes=\"(max-width: 800px) 100vw, 800px\" \/>\t\t\t\t\t\t\t\t\t\t\t\t\t\t\t<\/div>\n\t\t\t\t<\/div>\n\t\t\t\t\t<\/div>\n\t\t<\/div>\n\t\t\t\t\t<\/div>\n\t\t<\/section>\n\t\t\t\t<section class=\"elementor-section elementor-top-section elementor-element elementor-element-1edeff0f elementor-section-full_width elementor-section-height-default elementor-section-height-default\" data-id=\"1edeff0f\" data-element_type=\"section\" data-e-type=\"section\">\n\t\t\t\t\t\t<div class=\"elementor-container elementor-column-gap-default\">\n\t\t\t\t\t<div class=\"elementor-column elementor-col-25 elementor-top-column elementor-element elementor-element-6fa457b2\" data-id=\"6fa457b2\" data-element_type=\"column\" data-e-type=\"column\">\n\t\t\t<div class=\"elementor-widget-wrap elementor-element-populated\">\n\t\t\t\t\t\t<div class=\"elementor-element elementor-element-efdba5c elementor-widget elementor-widget-image\" data-id=\"efdba5c\" data-element_type=\"widget\" data-e-type=\"widget\" data-widget_type=\"image.default\">\n\t\t\t\t<div class=\"elementor-widget-container\">\n\t\t\t\t\t\t\t\t\t\t\t\t\t\t\t<img decoding=\"async\" src=\"https:\/\/tallerbarbarias.com\/wp-content\/uploads\/elementor\/thumbs\/agricultural-workers-with-tractors-q9ema2nc2rxgdfznzkm48uo7mj7s0lmcd3ecvagojk.jpg\" title=\"Agricultural workers with tractors\" alt=\"Agricultural workers with tractors\" loading=\"lazy\" \/>\t\t\t\t\t\t\t\t\t\t\t\t\t\t\t<\/div>\n\t\t\t\t<\/div>\n\t\t\t\t\t<\/div>\n\t\t<\/div>\n\t\t\t\t<div class=\"elementor-column elementor-col-25 elementor-top-column elementor-element elementor-element-59d9b54b\" data-id=\"59d9b54b\" data-element_type=\"column\" data-e-type=\"column\">\n\t\t\t<div class=\"elementor-widget-wrap elementor-element-populated\">\n\t\t\t\t\t\t<div class=\"elementor-element elementor-element-61e7e95c elementor-widget elementor-widget-image\" data-id=\"61e7e95c\" data-element_type=\"widget\" data-e-type=\"widget\" data-widget_type=\"image.default\">\n\t\t\t\t<div class=\"elementor-widget-container\">\n\t\t\t\t\t\t\t\t\t\t\t\t\t\t\t<img decoding=\"async\" src=\"https:\/\/tallerbarbarias.com\/wp-content\/uploads\/elementor\/thumbs\/a-plow-plows-the-ground-in-the-garden-q9emgjrb5oskcql26ddlf7uiy3at1jbrx56rvwv1og.jpg\" title=\"A plow plows the ground in the garden\" alt=\"A plow plows the ground in the garden\" loading=\"lazy\" \/>\t\t\t\t\t\t\t\t\t\t\t\t\t\t\t<\/div>\n\t\t\t\t<\/div>\n\t\t\t\t\t<\/div>\n\t\t<\/div>\n\t\t\t\t<div class=\"elementor-column elementor-col-25 elementor-top-column elementor-element elementor-element-2c30f4ec\" data-id=\"2c30f4ec\" data-element_type=\"column\" data-e-type=\"column\">\n\t\t\t<div class=\"elementor-widget-wrap elementor-element-populated\">\n\t\t\t\t\t\t<div class=\"elementor-element elementor-element-4686064a elementor-widget elementor-widget-image\" data-id=\"4686064a\" data-element_type=\"widget\" data-e-type=\"widget\" data-widget_type=\"image.default\">\n\t\t\t\t<div class=\"elementor-widget-container\">\n\t\t\t\t\t\t\t\t\t\t\t\t\t\t\t<img decoding=\"async\" src=\"https:\/\/tallerbarbarias.com\/wp-content\/uploads\/elementor\/thumbs\/woman-using-the-brushcutter-cutting-the-lawn-q9emhyileqq1rojbxzbg5v1f0wcml6xa44ezsurscg.jpg\" title=\"woman using the brushcutter cutting the lawn\" alt=\"woman using the brushcutter cutting the lawn\" loading=\"lazy\" \/>\t\t\t\t\t\t\t\t\t\t\t\t\t\t\t<\/div>\n\t\t\t\t<\/div>\n\t\t\t\t\t<\/div>\n\t\t<\/div>\n\t\t\t\t<div class=\"elementor-column elementor-col-25 elementor-top-column elementor-element elementor-element-1e53fc95\" data-id=\"1e53fc95\" data-element_type=\"column\" data-e-type=\"column\">\n\t\t\t<div class=\"elementor-widget-wrap elementor-element-populated\">\n\t\t\t\t\t\t<div class=\"elementor-element elementor-element-270ccc1c elementor-widget elementor-widget-image\" data-id=\"270ccc1c\" data-element_type=\"widget\" data-e-type=\"widget\" data-widget_type=\"image.default\">\n\t\t\t\t<div class=\"elementor-widget-container\">\n\t\t\t\t\t\t\t\t\t\t\t\t\t\t\t<img decoding=\"async\" src=\"https:\/\/tallerbarbarias.com\/wp-content\/uploads\/elementor\/thumbs\/professional-lumberjack-with-chainsaw-in-the-forest-q9emln1u6drh8p6tg2luffles87dqijfmceggvb9z4.jpg\" title=\"Professional lumberjack with chainsaw in the forest\" alt=\"Professional lumberjack with chainsaw in the forest\" loading=\"lazy\" \/>\t\t\t\t\t\t\t\t\t\t\t\t\t\t\t<\/div>\n\t\t\t\t<\/div>\n\t\t\t\t\t<\/div>\n\t\t<\/div>\n\t\t\t\t\t<\/div>\n\t\t<\/section>\n\t\t\t\t<section class=\"elementor-section elementor-top-section elementor-element elementor-element-2f627b64 elementor-section-boxed elementor-section-height-default elementor-section-height-default\" data-id=\"2f627b64\" data-element_type=\"section\" data-e-type=\"section\">\n\t\t\t\t\t\t<div class=\"elementor-container elementor-column-gap-default\">\n\t\t\t\t\t<div class=\"elementor-column elementor-col-100 elementor-top-column elementor-element elementor-element-233852ca\" data-id=\"233852ca\" data-element_type=\"column\" data-e-type=\"column\">\n\t\t\t<div class=\"elementor-widget-wrap elementor-element-populated\">\n\t\t\t\t\t\t<div class=\"elementor-element elementor-element-7c5425e9 elementor-invisible elementor-widget elementor-widget-heading\" data-id=\"7c5425e9\" data-element_type=\"widget\" data-e-type=\"widget\" data-settings=\"{&quot;_animation&quot;:&quot;fadeInUp&quot;}\" data-widget_type=\"heading.default\">\n\t\t\t\t<div class=\"elementor-widget-container\">\n\t\t\t\t\t<h2 class=\"elementor-heading-title elementor-size-default\">Nuestros servicios<\/h2>\t\t\t\t<\/div>\n\t\t\t\t<\/div>\n\t\t\t\t<div class=\"elementor-element elementor-element-255f34e4 elementor-widget-divider--view-line elementor-widget elementor-widget-divider\" data-id=\"255f34e4\" data-element_type=\"widget\" data-e-type=\"widget\" data-widget_type=\"divider.default\">\n\t\t\t\t<div class=\"elementor-widget-container\">\n\t\t\t\t\t\t\t<div class=\"elementor-divider\">\n\t\t\t<span class=\"elementor-divider-separator\">\n\t\t\t\t\t\t<\/span>\n\t\t<\/div>\n\t\t\t\t\t\t<\/div>\n\t\t\t\t<\/div>\n\t\t\t\t<section class=\"elementor-section elementor-inner-section elementor-element elementor-element-640b80fc elementor-section-boxed elementor-section-height-default elementor-section-height-default\" data-id=\"640b80fc\" data-element_type=\"section\" data-e-type=\"section\">\n\t\t\t\t\t\t<div class=\"elementor-container elementor-column-gap-default\">\n\t\t\t\t\t<div class=\"elementor-column elementor-col-25 elementor-inner-column elementor-element elementor-element-7c00bd5b\" data-id=\"7c00bd5b\" data-element_type=\"column\" data-e-type=\"column\">\n\t\t\t<div class=\"elementor-widget-wrap elementor-element-populated\">\n\t\t\t\t\t\t<div class=\"elementor-element elementor-element-4de547d1 elementor-widget elementor-widget-image-box\" data-id=\"4de547d1\" data-element_type=\"widget\" data-e-type=\"widget\" data-widget_type=\"image-box.default\">\n\t\t\t\t<div class=\"elementor-widget-container\">\n\t\t\t\t\t<div class=\"elementor-image-box-wrapper\"><div class=\"elementor-image-box-content\"><h5 class=\"elementor-image-box-title\">Limpieza y afilado de cuchillas<\/h5><p class=\"elementor-image-box-description\">Ofrecemos servicios de limpieza y afilado de cuchillas de cortac\u00e9sped. Nos aseguramos de que el c\u00e9sped sea cortado con precisi\u00f3n y eficiencia.<\/p><\/div><\/div>\t\t\t\t<\/div>\n\t\t\t\t<\/div>\n\t\t\t\t\t<\/div>\n\t\t<\/div>\n\t\t\t\t<div class=\"elementor-column elementor-col-25 elementor-inner-column elementor-element elementor-element-5f99ad6f\" data-id=\"5f99ad6f\" data-element_type=\"column\" data-e-type=\"column\">\n\t\t\t<div class=\"elementor-widget-wrap elementor-element-populated\">\n\t\t\t\t\t\t<div class=\"elementor-element elementor-element-5327f017 elementor-widget elementor-widget-image-box\" data-id=\"5327f017\" data-element_type=\"widget\" data-e-type=\"widget\" data-widget_type=\"image-box.default\">\n\t\t\t\t<div class=\"elementor-widget-container\">\n\t\t\t\t\t<div class=\"elementor-image-box-wrapper\"><div class=\"elementor-image-box-content\"><h5 class=\"elementor-image-box-title\">Revisi\u00f3n de motor<\/h5><p class=\"elementor-image-box-description\">Realizamos revisi\u00f3n de motor de todo tipo de equipamiento agr\u00edcola para que tu equipo siempre se mantenga suave como el primer d\u00eda que lo adquiriste.<\/p><\/div><\/div>\t\t\t\t<\/div>\n\t\t\t\t<\/div>\n\t\t\t\t\t<\/div>\n\t\t<\/div>\n\t\t\t\t<div class=\"elementor-column elementor-col-25 elementor-inner-column elementor-element elementor-element-5c00c472\" data-id=\"5c00c472\" data-element_type=\"column\" data-e-type=\"column\">\n\t\t\t<div class=\"elementor-widget-wrap elementor-element-populated\">\n\t\t\t\t\t\t<div class=\"elementor-element elementor-element-48989adb elementor-widget elementor-widget-image-box\" data-id=\"48989adb\" data-element_type=\"widget\" data-e-type=\"widget\" data-widget_type=\"image-box.default\">\n\t\t\t\t<div class=\"elementor-widget-container\">\n\t\t\t\t\t<div class=\"elementor-image-box-wrapper\"><div class=\"elementor-image-box-content\"><h5 class=\"elementor-image-box-title\">Cambio de aceite<\/h5><p class=\"elementor-image-box-description\">Con nuestros planes de cambios de aceite aseguramos, de que su equipo pueda durar incluso m\u00e1s de lo anunciado por tu fabricante. <\/p><\/div><\/div>\t\t\t\t<\/div>\n\t\t\t\t<\/div>\n\t\t\t\t\t<\/div>\n\t\t<\/div>\n\t\t\t\t<div class=\"elementor-column elementor-col-25 elementor-inner-column elementor-element elementor-element-3ba5cf35\" data-id=\"3ba5cf35\" data-element_type=\"column\" data-e-type=\"column\">\n\t\t\t<div class=\"elementor-widget-wrap elementor-element-populated\">\n\t\t\t\t\t\t<div class=\"elementor-element elementor-element-d046dc6 elementor-widget elementor-widget-image-box\" data-id=\"d046dc6\" data-element_type=\"widget\" data-e-type=\"widget\" data-widget_type=\"image-box.default\">\n\t\t\t\t<div class=\"elementor-widget-container\">\n\t\t\t\t\t<div class=\"elementor-image-box-wrapper\"><div class=\"elementor-image-box-content\"><h5 class=\"elementor-image-box-title\">Engrasado<\/h5><p class=\"elementor-image-box-description\">Proporcionamos servicios profesionales de lubricaci\u00f3n de maquinaria agr\u00edcola para garantizar una productividad y seguridad \u00f3ptimas. <\/p><\/div><\/div>\t\t\t\t<\/div>\n\t\t\t\t<\/div>\n\t\t\t\t\t<\/div>\n\t\t<\/div>\n\t\t\t\t\t<\/div>\n\t\t<\/section>\n\t\t\t\t\t<\/div>\n\t\t<\/div>\n\t\t\t\t\t<\/div>\n\t\t<\/section>\n\t\t\t\t<section class=\"elementor-section elementor-top-section elementor-element elementor-element-387f2678 elementor-section-boxed elementor-section-height-default elementor-section-height-default\" data-id=\"387f2678\" data-element_type=\"section\" data-e-type=\"section\" data-settings=\"{&quot;background_background&quot;:&quot;classic&quot;}\">\n\t\t\t\t\t\t\t<div class=\"elementor-background-overlay\"><\/div>\n\t\t\t\t\t\t\t<div class=\"elementor-container elementor-column-gap-default\">\n\t\t\t\t\t<div class=\"elementor-column elementor-col-100 elementor-top-column elementor-element elementor-element-79ba8a52\" data-id=\"79ba8a52\" data-element_type=\"column\" data-e-type=\"column\">\n\t\t\t<div class=\"elementor-widget-wrap elementor-element-populated\">\n\t\t\t\t\t\t<div class=\"elementor-element elementor-element-76670a56 elementor-invisible elementor-widget elementor-widget-heading\" data-id=\"76670a56\" data-element_type=\"widget\" data-e-type=\"widget\" data-settings=\"{&quot;_animation&quot;:&quot;fadeInUp&quot;}\" data-widget_type=\"heading.default\">\n\t\t\t\t<div class=\"elementor-widget-container\">\n\t\t\t\t\t<h5 class=\"elementor-heading-title elementor-size-default\">Brindamos servicios confiables para ti\n<\/h5>\t\t\t\t<\/div>\n\t\t\t\t<\/div>\n\t\t\t\t<div class=\"elementor-element elementor-element-45b0da79 elementor-align-center elementor-widget elementor-widget-button\" data-id=\"45b0da79\" data-element_type=\"widget\" data-e-type=\"widget\" data-widget_type=\"button.default\">\n\t\t\t\t<div class=\"elementor-widget-container\">\n\t\t\t\t\t\t\t\t\t<div class=\"elementor-button-wrapper\">\n\t\t\t\t\t<a class=\"elementor-button elementor-button-link elementor-size-sm\" href=\"https:\/\/tallerbarbarias.com\/eu\/contacto\/\">\n\t\t\t\t\t\t<span class=\"elementor-button-content-wrapper\">\n\t\t\t\t\t\t<span class=\"elementor-button-icon\">\n\t\t\t\t<i aria-hidden=\"true\" class=\"fas fa-caret-right\"><\/i>\t\t\t<\/span>\n\t\t\t\t\t\t\t\t\t<span class=\"elementor-button-text\">Cont\u00e1ctanos<\/span>\n\t\t\t\t\t<\/span>\n\t\t\t\t\t<\/a>\n\t\t\t\t<\/div>\n\t\t\t\t\t\t\t\t<\/div>\n\t\t\t\t<\/div>\n\t\t\t\t\t<\/div>\n\t\t<\/div>\n\t\t\t\t\t<\/div>\n\t\t<\/section>\n\t\t\t\t<\/div>","protected":false},"excerpt":{"rendered":"<p>Servicio de Mantenimiento Mant\u00e9n siempre el rendimiento de tu material agr\u00edcola como si fuera el primer d\u00eda Nuestra empresa ofrece una amplia gama de soluciones de mantenimiento de equipos agr\u00edcolas para nuestros clientes. Nuestros servicios incluyen el mantenimiento y reparaci\u00f3n de una variedad de maquinaria como cortadoras de c\u00e9sped, motosierras, arados, desbrozadoras&#8230; Comprendemos la importancia [&hellip;]<\/p>\n","protected":false},"author":1,"featured_media":0,"parent":0,"menu_order":0,"comment_status":"closed","ping_status":"closed","template":"elementor_canvas","meta":{"footnotes":""},"class_list":["post-28","page","type-page","status-publish","hentry"],"yoast_head":"<!-- This site is optimized with the Yoast SEO plugin v27.3 - https:\/\/yoast.com\/product\/yoast-seo-wordpress\/ -->\n<title>Servicios - Taller Barbarias<\/title>\n<meta name=\"robots\" content=\"index, follow, max-snippet:-1, max-image-preview:large, max-video-preview:-1\" \/>\n<link rel=\"canonical\" href=\"https:\/\/tallerbarbarias.com\/eu\/servicios\/\" \/>\n<meta property=\"og:locale\" content=\"en_US\" \/>\n<meta property=\"og:type\" content=\"article\" \/>\n<meta property=\"og:title\" content=\"Servicios - Taller Barbarias\" \/>\n<meta property=\"og:description\" content=\"Servicio de Mantenimiento Mant\u00e9n siempre el rendimiento de tu material agr\u00edcola como si fuera el primer d\u00eda Nuestra empresa ofrece una amplia gama de soluciones de mantenimiento de equipos agr\u00edcolas para nuestros clientes. Nuestros servicios incluyen el mantenimiento y reparaci\u00f3n de una variedad de maquinaria como cortadoras de c\u00e9sped, motosierras, arados, desbrozadoras&#8230; Comprendemos la importancia [&hellip;]\" \/>\n<meta property=\"og:url\" content=\"https:\/\/tallerbarbarias.com\/eu\/servicios\/\" \/>\n<meta property=\"og:site_name\" content=\"Taller Barbarias\" \/>\n<meta property=\"article:modified_time\" content=\"2023-07-17T10:24:14+00:00\" \/>\n<meta property=\"og:image\" content=\"https:\/\/tallerbarbarias.com\/wp-content\/uploads\/2023\/07\/industrial-worker-assembles-agricultural-equipment-1024x684.jpg\" \/>\n<meta name=\"twitter:card\" content=\"summary_large_image\" \/>\n<meta name=\"twitter:label1\" content=\"Est. reading time\" \/>\n\t<meta name=\"twitter:data1\" content=\"2 minutua\" \/>\n<script type=\"application\/ld+json\" class=\"yoast-schema-graph\">{\"@context\":\"https:\\\/\\\/schema.org\",\"@graph\":[{\"@type\":\"WebPage\",\"@id\":\"https:\\\/\\\/tallerbarbarias.com\\\/servicios\\\/\",\"url\":\"https:\\\/\\\/tallerbarbarias.com\\\/servicios\\\/\",\"name\":\"Servicios - Taller Barbarias\",\"isPartOf\":{\"@id\":\"https:\\\/\\\/tallerbarbarias.com\\\/#website\"},\"primaryImageOfPage\":{\"@id\":\"https:\\\/\\\/tallerbarbarias.com\\\/servicios\\\/#primaryimage\"},\"image\":{\"@id\":\"https:\\\/\\\/tallerbarbarias.com\\\/servicios\\\/#primaryimage\"},\"thumbnailUrl\":\"https:\\\/\\\/tallerbarbarias.com\\\/wp-content\\\/uploads\\\/2023\\\/07\\\/industrial-worker-assembles-agricultural-equipment-1024x684.jpg\",\"datePublished\":\"2023-07-14T07:55:11+00:00\",\"dateModified\":\"2023-07-17T10:24:14+00:00\",\"breadcrumb\":{\"@id\":\"https:\\\/\\\/tallerbarbarias.com\\\/servicios\\\/#breadcrumb\"},\"inLanguage\":\"eu\",\"potentialAction\":[{\"@type\":\"ReadAction\",\"target\":[\"https:\\\/\\\/tallerbarbarias.com\\\/servicios\\\/\"]}]},{\"@type\":\"ImageObject\",\"inLanguage\":\"eu\",\"@id\":\"https:\\\/\\\/tallerbarbarias.com\\\/servicios\\\/#primaryimage\",\"url\":\"https:\\\/\\\/tallerbarbarias.com\\\/wp-content\\\/uploads\\\/2023\\\/07\\\/industrial-worker-assembles-agricultural-equipment-1024x684.jpg\",\"contentUrl\":\"https:\\\/\\\/tallerbarbarias.com\\\/wp-content\\\/uploads\\\/2023\\\/07\\\/industrial-worker-assembles-agricultural-equipment-1024x684.jpg\"},{\"@type\":\"BreadcrumbList\",\"@id\":\"https:\\\/\\\/tallerbarbarias.com\\\/servicios\\\/#breadcrumb\",\"itemListElement\":[{\"@type\":\"ListItem\",\"position\":1,\"name\":\"Portada\",\"item\":\"https:\\\/\\\/tallerbarbarias.com\\\/\"},{\"@type\":\"ListItem\",\"position\":2,\"name\":\"Servicios\"}]},{\"@type\":\"WebSite\",\"@id\":\"https:\\\/\\\/tallerbarbarias.com\\\/#website\",\"url\":\"https:\\\/\\\/tallerbarbarias.com\\\/\",\"name\":\"Taller Barbarias\",\"description\":\"\",\"potentialAction\":[{\"@type\":\"SearchAction\",\"target\":{\"@type\":\"EntryPoint\",\"urlTemplate\":\"https:\\\/\\\/tallerbarbarias.com\\\/?s={search_term_string}\"},\"query-input\":{\"@type\":\"PropertyValueSpecification\",\"valueRequired\":true,\"valueName\":\"search_term_string\"}}],\"inLanguage\":\"eu\"}]}<\/script>\n<!-- \/ Yoast SEO plugin. -->","yoast_head_json":{"title":"Servicios - Taller Barbarias","robots":{"index":"index","follow":"follow","max-snippet":"max-snippet:-1","max-image-preview":"max-image-preview:large","max-video-preview":"max-video-preview:-1"},"canonical":"https:\/\/tallerbarbarias.com\/eu\/servicios\/","og_locale":"en_US","og_type":"article","og_title":"Servicios - Taller Barbarias","og_description":"Servicio de Mantenimiento Mant\u00e9n siempre el rendimiento de tu material agr\u00edcola como si fuera el primer d\u00eda Nuestra empresa ofrece una amplia gama de soluciones de mantenimiento de equipos agr\u00edcolas para nuestros clientes. Nuestros servicios incluyen el mantenimiento y reparaci\u00f3n de una variedad de maquinaria como cortadoras de c\u00e9sped, motosierras, arados, desbrozadoras&#8230; Comprendemos la importancia [&hellip;]","og_url":"https:\/\/tallerbarbarias.com\/eu\/servicios\/","og_site_name":"Taller Barbarias","article_modified_time":"2023-07-17T10:24:14+00:00","og_image":[{"url":"https:\/\/tallerbarbarias.com\/wp-content\/uploads\/2023\/07\/industrial-worker-assembles-agricultural-equipment-1024x684.jpg","type":"","width":"","height":""}],"twitter_card":"summary_large_image","twitter_misc":{"Est. reading time":"2 minutua"},"schema":{"@context":"https:\/\/schema.org","@graph":[{"@type":"WebPage","@id":"https:\/\/tallerbarbarias.com\/servicios\/","url":"https:\/\/tallerbarbarias.com\/servicios\/","name":"Servicios - Taller Barbarias","isPartOf":{"@id":"https:\/\/tallerbarbarias.com\/#website"},"primaryImageOfPage":{"@id":"https:\/\/tallerbarbarias.com\/servicios\/#primaryimage"},"image":{"@id":"https:\/\/tallerbarbarias.com\/servicios\/#primaryimage"},"thumbnailUrl":"https:\/\/tallerbarbarias.com\/wp-content\/uploads\/2023\/07\/industrial-worker-assembles-agricultural-equipment-1024x684.jpg","datePublished":"2023-07-14T07:55:11+00:00","dateModified":"2023-07-17T10:24:14+00:00","breadcrumb":{"@id":"https:\/\/tallerbarbarias.com\/servicios\/#breadcrumb"},"inLanguage":"eu","potentialAction":[{"@type":"ReadAction","target":["https:\/\/tallerbarbarias.com\/servicios\/"]}]},{"@type":"ImageObject","inLanguage":"eu","@id":"https:\/\/tallerbarbarias.com\/servicios\/#primaryimage","url":"https:\/\/tallerbarbarias.com\/wp-content\/uploads\/2023\/07\/industrial-worker-assembles-agricultural-equipment-1024x684.jpg","contentUrl":"https:\/\/tallerbarbarias.com\/wp-content\/uploads\/2023\/07\/industrial-worker-assembles-agricultural-equipment-1024x684.jpg"},{"@type":"BreadcrumbList","@id":"https:\/\/tallerbarbarias.com\/servicios\/#breadcrumb","itemListElement":[{"@type":"ListItem","position":1,"name":"Portada","item":"https:\/\/tallerbarbarias.com\/"},{"@type":"ListItem","position":2,"name":"Servicios"}]},{"@type":"WebSite","@id":"https:\/\/tallerbarbarias.com\/#website","url":"https:\/\/tallerbarbarias.com\/","name":"Taller Barbarias","description":"","potentialAction":[{"@type":"SearchAction","target":{"@type":"EntryPoint","urlTemplate":"https:\/\/tallerbarbarias.com\/?s={search_term_string}"},"query-input":{"@type":"PropertyValueSpecification","valueRequired":true,"valueName":"search_term_string"}}],"inLanguage":"eu"}]}},"_links":{"self":[{"href":"https:\/\/tallerbarbarias.com\/eu\/wp-json\/wp\/v2\/pages\/28","targetHints":{"allow":["GET"]}}],"collection":[{"href":"https:\/\/tallerbarbarias.com\/eu\/wp-json\/wp\/v2\/pages"}],"about":[{"href":"https:\/\/tallerbarbarias.com\/eu\/wp-json\/wp\/v2\/types\/page"}],"author":[{"embeddable":true,"href":"https:\/\/tallerbarbarias.com\/eu\/wp-json\/wp\/v2\/users\/1"}],"replies":[{"embeddable":true,"href":"https:\/\/tallerbarbarias.com\/eu\/wp-json\/wp\/v2\/comments?post=28"}],"version-history":[{"count":97,"href":"https:\/\/tallerbarbarias.com\/eu\/wp-json\/wp\/v2\/pages\/28\/revisions"}],"predecessor-version":[{"id":613,"href":"https:\/\/tallerbarbarias.com\/eu\/wp-json\/wp\/v2\/pages\/28\/revisions\/613"}],"wp:attachment":[{"href":"https:\/\/tallerbarbarias.com\/eu\/wp-json\/wp\/v2\/media?parent=28"}],"curies":[{"name":"wp","href":"https:\/\/api.w.org\/{rel}","templated":true}]}}